{"id":2499,"date":"2020-03-20T03:49:19","date_gmt":"2020-03-20T03:49:19","guid":{"rendered":"https:\/\/alojatunegocio.com\/web\/?page_id=2499"},"modified":"2024-05-17T15:01:01","modified_gmt":"2024-05-17T15:01:01","slug":"contacto","status":"publish","type":"page","link":"https:\/\/alojatunegocio.com\/web\/contacto\/","title":{"rendered":"Contacto"},"content":{"rendered":"<p>[vc_row][vc_column][vc_single_image image=&#8221;2703&#8243; img_size=&#8221;full&#8221; alignment=&#8221;center&#8221;][\/vc_column][\/vc_row][vc_row][vc_column][vc_empty_space][\/vc_column][\/vc_row][vc_row wrap_container=&#8221;yes&#8221; el_class=&#8221;m-b-xl&#8221;][vc_column width=&#8221;1\/2&#8243;]<div role=\"form\" class=\"wpcf7\" id=\"wpcf7-f74-o1\" lang=\"en-US\" dir=\"ltr\">\n<div class=\"screen-reader-response\"><p role=\"status\" aria-live=\"polite\" aria-atomic=\"true\"><\/p> <ul><\/ul><\/div>\n<form action=\"\/web\/wp-json\/wp\/v2\/pages\/2499#wpcf7-f74-o1\" method=\"post\" class=\"wpcf7-form init\" novalidate=\"novalidate\" data-status=\"init\">\n<div style=\"display: none;\">\n<input type=\"hidden\" name=\"_wpcf7\" value=\"74\" \/>\n<input type=\"hidden\" name=\"_wpcf7_version\" value=\"5.4.1\" \/>\n<input type=\"hidden\" name=\"_wpcf7_locale\" value=\"en_US\" \/>\n<input type=\"hidden\" name=\"_wpcf7_unit_tag\" value=\"wpcf7-f74-o1\" \/>\n<input type=\"hidden\" name=\"_wpcf7_container_post\" value=\"0\" \/>\n<input type=\"hidden\" name=\"_wpcf7_posted_data_hash\" value=\"\" \/>\n<\/div>\n<h2 class=\"short\"><strong>Env\u00edanos<\/strong> un Mensaje <\/h2>\n<div class=\"row\">\n<div class=\"col-md-6\">\n<div class=\"form-group\">\n            <font color=\"black\"><label for=\"contact-name\">Tu Nombre *<\/label><\/font><br \/>\n            <span class=\"wpcf7-form-control-wrap your-name\"><input type=\"text\" name=\"your-name\" value=\"\" size=\"40\" class=\"wpcf7-form-control wpcf7-text wpcf7-validates-as-required form-control\" id=\"contact-name\" aria-required=\"true\" aria-invalid=\"false\" \/><\/span>\n        <\/div>\n<\/div>\n<div class=\"col-md-6\">\n<div class=\"form-group\">\n            <font color=\"black\"><label for=\"contact-email\">Ingresa tu Email *<\/label><\/font><br \/>\n            <span class=\"wpcf7-form-control-wrap your-email\"><input type=\"email\" name=\"your-email\" value=\"\" size=\"40\" class=\"wpcf7-form-control wpcf7-text wpcf7-email wpcf7-validates-as-required wpcf7-validates-as-email form-control\" id=\"contact-email\" aria-required=\"true\" aria-invalid=\"false\" \/><\/span>\n        <\/div>\n<\/div>\n<div class=\"col-md-12\">\n<div class=\"form-group\">\n            <font color=\"black\"><label for=\"contact-subject\">Asunto:<\/label><\/font><br \/>\n            <span class=\"wpcf7-form-control-wrap your-subject\"><input type=\"text\" name=\"your-subject\" value=\"\" size=\"40\" class=\"wpcf7-form-control wpcf7-text form-control\" id=\"contact-subject\" aria-invalid=\"false\" \/><\/span>\n        <\/div>\n<\/div>\n<div class=\"col-md-12\">\n<div class=\"form-group\">\n            <font color=\"black\"><label for=\"contact-message\">C\u00faal es tu consulta:<\/label><\/font><br \/>\n            <span class=\"wpcf7-form-control-wrap your-message\"><textarea name=\"your-message\" cols=\"40\" rows=\"10\" class=\"wpcf7-form-control wpcf7-textarea form-control\" id=\"contact-message\" aria-invalid=\"false\"><\/textarea><\/span>\n        <\/div>\n<\/div>\n<div class=\"col-md-12\">\n<div class=\"form-group\">\n            <input type=\"submit\" value=\"Enviar Mensaje\" class=\"wpcf7-form-control wpcf7-submit btn btn-primary btn-lg\" \/>\n        <\/div>\n<\/div>\n<\/div>\n<div class=\"wpcf7-response-output\" aria-hidden=\"true\"><\/div><\/form><\/div>[\/vc_column][vc_column width=&#8221;1\/2&#8243; el_class=&#8221;info-box-small&#8221;][vc_custom_heading text=&#8221;Necesitas <strong> Ayuda?<\/strong>&#8221; font_container=&#8221;tag:h4|text_align:left&#8221; use_theme_fonts=&#8221;yes&#8221; skin=&#8221;dark&#8221; el_class=&#8221;mt-5&#8243;][vc_column_text]<\/p>\n<p class=\"lead font-size-lg\" style=\"text-align: justify;\"><span style=\"color: #000000;\">Ponemos a tu disposici\u00f3n nuestros diferentes canales digitales (WhatsApp, email, m\u00f3vil, chat desde nuestra web) para brindarte una r\u00e1pida atenci\u00f3n resolviendo tus consultas.<\/span><\/p>\n<p>[\/vc_column_text][vc_custom_heading text=&#8221;Oficina <strong>Virtual<\/strong>&#8221; font_container=&#8221;tag:h4|text_align:left&#8221; use_theme_fonts=&#8221;yes&#8221; skin=&#8221;dark&#8221;]<div class=\"porto-sicon-box style_1 default-icon\"><div class=\"porto-sicon-default\"><div id=\"porto-icon-35997950169e36b58f243e\" class=\"porto-just-icon-wrapper\" style=\"text-align:center;\"><div class=\"porto-icon advanced\" style=\"color:#0088cc;background:transparent;border-style:solid;border-color:#0088cc;border-width:1px;width:25px;height:25px;line-height:25px;border-radius:25px;font-size:12px;display:inline-block;\"><i class=\"fas fa-map-marker-alt\"><\/i><\/div><\/div><\/div><div class=\"porto-sicon-header\"><p style=\"color:#000000;\"><strong>Web:<\/strong> https:\/\/alojatunegocio.com\/<\/p><\/div> <!-- header --><\/div><!-- porto-sicon-box --><div class=\"porto-sicon-box style_1 default-icon\"><div class=\"porto-sicon-default\"><div id=\"porto-icon-81094854769e36b58f258b\" class=\"porto-just-icon-wrapper\" style=\"text-align:center;\"><div class=\"porto-icon advanced\" style=\"color:#0088cc;background:transparent;border-style:solid;border-color:#0088cc;border-width:1px;width:25px;height:25px;line-height:25px;border-radius:25px;font-size:12px;display:inline-block;\"><i class=\"fab fa-whatsapp\"><\/i><\/div><\/div><\/div><div class=\"porto-sicon-header\"><p style=\"color:#000000;\"><strong>M\u00f3vil<\/strong>: (+51) 934477929<\/p><\/div> <!-- header --><\/div><!-- porto-sicon-box --><div class=\"porto-sicon-box style_1 default-icon\"><div class=\"porto-sicon-default\"><div id=\"porto-icon-151867236669e36b58f2684\" class=\"porto-just-icon-wrapper\" style=\"text-align:center;\"><div class=\"porto-icon advanced\" style=\"color:#0088cc;background:transparent;border-style:solid;border-color:#0088cc;border-width:1px;width:25px;height:25px;line-height:25px;border-radius:25px;font-size:12px;display:inline-block;\"><i class=\"far fa-envelope\"><\/i><\/div><\/div><\/div><div class=\"porto-sicon-header\"><p style=\"color:#000000;\"><strong>Email<\/strong>: hola@alojatunegocio.com<\/p><\/div> <!-- header --><\/div><!-- porto-sicon-box -->[vc_custom_heading text=&#8221;Horario <strong>de Trabajo<\/strong>&#8221; font_container=&#8221;tag:h4|text_align:left&#8221; use_theme_fonts=&#8221;yes&#8221; skin=&#8221;dark&#8221; el_class=&#8221;mt-5&#8243;]<div class=\"porto-sicon-box style_1 default-icon\"><div class=\"porto-sicon-default\"><div id=\"porto-icon-7792252769e36b58f2773\" class=\"porto-just-icon-wrapper\" style=\"text-align:center;\"><div class=\"porto-icon advanced\" style=\"color:#0088cc;background:transparent;border-style:solid;border-color:#0088cc;border-width:1px;width:25px;height:25px;line-height:25px;border-radius:25px;font-size:12px;display:inline-block;\"><i class=\"far fa-clock\"><\/i><\/div><\/div><\/div><div class=\"porto-sicon-header\"><p style=\"color:#000000;\">Lunes - Viernes 10 AM a 6 PM<\/p><\/div> <!-- header --><\/div><!-- porto-sicon-box -->[\/vc_column][\/vc_row]<\/p>\n","protected":false},"excerpt":{"rendered":"<p>[vc_row][vc_column][vc_single_image image=&#8221;2703&#8243; img_size=&#8221;full&#8221; alignment=&#8221;center&#8221;][\/vc_column][\/vc_row][vc_row][vc_column][vc_empty_space][\/vc_column][\/vc_row][vc_row wrap_container=&#8221;yes&#8221; el_class=&#8221;m-b-xl&#8221;][vc_column width=&#8221;1\/2&#8243;][\/vc_column][vc_column width=&#8221;1\/2&#8243; el_class=&#8221;info-box-small&#8221;][vc_custom_heading text=&#8221;Necesitas Ayuda?&#8221; font_container=&#8221;tag:h4|text_align:left&#8221; use_theme_fonts=&#8221;yes&#8221; skin=&#8221;dark&#8221; el_class=&#8221;mt-5&#8243;][vc_column_text] Ponemos a tu disposici\u00f3n nuestros diferentes canales digitales (WhatsApp, email, m\u00f3vil, chat desde nuestra web) para brindarte una r\u00e1pida atenci\u00f3n resolviendo tus consultas. [\/vc_column_text][vc_custom_heading text=&#8221;Oficina Virtual&#8221; font_container=&#8221;tag:h4|text_align:left&#8221; use_theme_fonts=&#8221;yes&#8221; skin=&#8221;dark&#8221;][vc_custom_heading text=&#8221;Horario de Trabajo&#8221; font_container=&#8221;tag:h4|text_align:left&#8221; use_theme_fonts=&#8221;yes&#8221; skin=&#8221;dark&#8221; el_class=&#8221;mt-5&#8243;][\/vc_column][\/vc_row]<\/p>\n","protected":false},"author":1,"featured_media":0,"parent":0,"menu_order":0,"comment_status":"closed","ping_status":"closed","template":"","meta":{"spay_email":""},"_links":{"self":[{"href":"https:\/\/alojatunegocio.com\/web\/wp-json\/wp\/v2\/pages\/2499"}],"collection":[{"href":"https:\/\/alojatunegocio.com\/web\/wp-json\/wp\/v2\/pages"}],"about":[{"href":"https:\/\/alojatunegocio.com\/web\/wp-json\/wp\/v2\/types\/page"}],"author":[{"embeddable":true,"href":"https:\/\/alojatunegocio.com\/web\/wp-json\/wp\/v2\/users\/1"}],"replies":[{"embeddable":true,"href":"https:\/\/alojatunegocio.com\/web\/wp-json\/wp\/v2\/comments?post=2499"}],"version-history":[{"count":22,"href":"https:\/\/alojatunegocio.com\/web\/wp-json\/wp\/v2\/pages\/2499\/revisions"}],"predecessor-version":[{"id":3480,"href":"https:\/\/alojatunegocio.com\/web\/wp-json\/wp\/v2\/pages\/2499\/revisions\/3480"}],"wp:attachment":[{"href":"https:\/\/alojatunegocio.com\/web\/wp-json\/wp\/v2\/media?parent=2499"}],"curies":[{"name":"wp","href":"https:\/\/api.w.org\/{rel}","templated":true}]}}