{"id":2482,"date":"2020-03-20T03:43:00","date_gmt":"2020-03-20T03:43:00","guid":{"rendered":"https:\/\/alojatunegocio.com\/web\/?page_id=2482"},"modified":"2020-06-02T03:22:56","modified_gmt":"2020-06-02T03:22:56","slug":"antivirus","status":"publish","type":"page","link":"https:\/\/alojatunegocio.com\/web\/servicios\/antivirus\/","title":{"rendered":"Antivirus"},"content":{"rendered":"<p>[vc_row][vc_column][vc_single_image image=&#8221;2959&#8243; img_size=&#8221;full&#8221; alignment=&#8221;center&#8221;][\/vc_column][\/vc_row][vc_row wrap_container=&#8221;yes&#8221; css=&#8221;.vc_custom_1544533875075{padding-top: 70px !important;padding-bottom: 50px !important;}&#8221;][vc_column width=&#8221;2\/3&#8243; animation_delay=&#8221;200&#8243; animation_type=&#8221;fadeInRight&#8221;][vc_message message_box_style=&#8221;solid&#8221; message_box_color=&#8221;sky&#8221; icon_fontawesome=&#8221;fas fa-shield-alt&#8221; css=&#8221;.vc_custom_1586030833674{background-color: #0088cc !important;}&#8221;]Que te ofrece PANDA para ti\u2026.[\/vc_message][vc_row_inner][vc_column_inner width=&#8221;1\/2&#8243;][vc_column_text]<\/p>\n<p style=\"text-align: justify;\"><strong><span style=\"color: #057833;\"><span style=\"color: #000000;\"><img loading=\"lazy\" class=\"alignnone size-full wp-image-2986\" src=\"https:\/\/alojatunegocio.com\/web\/wp-content\/uploads\/2020\/04\/escudo-1.png\" alt=\"\" width=\"30\" height=\"30\" \/>Protecci\u00f3n contra virus en tiempo real<\/span><\/span><\/strong><\/p>\n<p style=\"text-align: justify;\"><span style=\"color: #000000;\">Instala Panda DOME 2020 y despreoc\u00fapate de tu seguridad. Elimina los virus y cualquier otro tipo de amenaza o malware de tu ordenador, tel\u00e9fono o tablet Android\u2122. Un antivirus esencial con protecci\u00f3n en tiempo real para tus dispositivos.<\/span><\/p>\n<p>[\/vc_column_text][vc_column_text]<strong><span style=\"color: #057833;\"><span style=\"color: #000000;\"><img loading=\"lazy\" class=\"alignnone size-full wp-image-2989\" src=\"https:\/\/alojatunegocio.com\/web\/wp-content\/uploads\/2020\/04\/wifi.png\" alt=\"\" width=\"30\" height=\"30\" \/> Protecci\u00f3n Wi-Fi contra hackers<\/span><\/span><\/strong><\/p>\n<p style=\"text-align: justify;\"><span style=\"color: #000000;\">Panda DOME 2020 detecta vulnerabilidades en tu red WiFi y te protegerte frente a intrusos. Te brindamos consejos para mejorar la seguridad de tu red.<\/span><\/p>\n<p>[\/vc_column_text][vc_column_text]<strong><span style=\"color: #057833;\"><a href=\"http:\/\/www.alojatunegocio.com\/site\/wp-content\/uploads\/2015\/04\/a03.png\"><img loading=\"lazy\" class=\"alignnone size-full wp-image-2993\" src=\"https:\/\/alojatunegocio.com\/web\/wp-content\/uploads\/2020\/04\/vpn.png\" alt=\"\" width=\"30\" height=\"30\" \/><\/a> <span style=\"color: #000000;\">Acceso a VPN (150MB\/d\u00eda)<\/span><\/span><\/strong><\/p>\n<p style=\"text-align: justify;\"><span style=\"color: #000000;\">Panda DOME 2020\u00a0 te permite navegar de manera an\u00f3nima desde una ubicaci\u00f3n virtual.<\/span><\/p>\n<p>[\/vc_column_text][\/vc_column_inner][vc_column_inner width=&#8221;1\/2&#8243;][vc_column_text]<strong><span style=\"color: #057833;\"><span style=\"color: #000000;\"><img loading=\"lazy\" class=\"alignnone size-full wp-image-2988\" src=\"https:\/\/alojatunegocio.com\/web\/wp-content\/uploads\/2020\/04\/firewall.png\" alt=\"\" width=\"30\" height=\"30\" \/> Firewall para dispositivos Windows<\/span><\/span><\/strong><\/p>\n<p style=\"text-align: justify;\"><span style=\"color: #000000;\">Panda DOME 2020 incluye un firewall bidireccional para proteger tu red Wi-Fi de intrusos y conexiones no deseadas. Chatea, comparte fotos y v\u00eddeos, lee tus blogs favoritos o navega por la Red con total tranquilidad y sin interrupciones.<\/span><\/p>\n<p>[\/vc_column_text][vc_column_text]<strong><span style=\"color: #057833;\"><a href=\"http:\/\/www.alojatunegocio.com\/site\/wp-content\/uploads\/2015\/04\/a04.png\"><img loading=\"lazy\" class=\"alignnone size-full wp-image-2995\" src=\"https:\/\/alojatunegocio.com\/web\/wp-content\/uploads\/2020\/04\/escaneo.png\" alt=\"\" width=\"30\" height=\"30\" \/><\/a> <span style=\"color: #000000;\">Escaneo de virus para dispositivos externos<\/span><\/span><\/strong><\/p>\n<p style=\"text-align: justify;\"><span style=\"color: #000000;\">Panda DOME 2020 escanea\u00a0 te protege escaneando: unidades USB y otros dispositivos externos para evitar infecciones indeseadas.<\/span><\/p>\n<p>[\/vc_column_text][vc_column_text]<span style=\"color: #000000;\"><strong><img loading=\"lazy\" class=\"alignnone size-full wp-image-3009\" src=\"https:\/\/alojatunegocio.com\/web\/wp-content\/uploads\/2020\/04\/reloj.png\" alt=\"\" width=\"30\" height=\"30\" \/> Hacemos m\u00e1s f\u00e1cil tu D\u00cdA a D\u00cdA<\/strong><\/span><\/p>\n<p style=\"text-align: justify;\"><span style=\"color: #000000;\">Navega y realiza compras seguras, si\u00e9ntete <\/span><span style=\"color: #000000;\">protegido en todo momento y en cualquier lugar.<\/span><\/p>\n<p>[\/vc_column_text][\/vc_column_inner][\/vc_row_inner][vc_row_inner][vc_column_inner][vc_column_text]<\/p>\n<p style=\"text-align: center;\"><span style=\"color: #000000;\"><strong>Protecci\u00f3n para Windows \/ Android \/ IOS\u00a0<\/strong><\/span><\/p>\n<p><img loading=\"lazy\" class=\"size-full wp-image-2983 aligncenter\" src=\"https:\/\/alojatunegocio.com\/web\/wp-content\/uploads\/2020\/04\/dispositivos.png\" alt=\"\" width=\"269\" height=\"129\" \/>[\/vc_column_text][\/vc_column_inner][\/vc_row_inner][\/vc_column][vc_column width=&#8221;1\/3&#8243; animation_type=&#8221;fadeIn&#8221;][vc_message message_box_style=&#8221;solid&#8221; message_box_color=&#8221;sky&#8221; icon_fontawesome=&#8221;fas fa-shopping-cart&#8221; css=&#8221;.vc_custom_1586030920205{background-color: #0088cc !important;}&#8221;]Compra AHORA!!!.[\/vc_message][vc_single_image image=&#8221;3360&#8243; img_size=&#8221;full&#8221; alignment=&#8221;center&#8221; onclick=&#8221;custom_link&#8221; img_link_target=&#8221;_blank&#8221; label=&#8221;&#8221; link=&#8221;https:\/\/www.jdoqocy.com\/95104shqnhp4D5C89BC4685DE5DB&#8221; animation_type=&#8221;zoomIn&#8221;][vc_message message_box_style=&#8221;solid&#8221; message_box_color=&#8221;sky&#8221; icon_fontawesome=&#8221;fas fa-video&#8221; css=&#8221;.vc_custom_1586030871014{background-color: #0088cc !important;}&#8221;]Mira nuestro v\u00eddeo.[\/vc_message][vc_video link=&#8221;https:\/\/www.youtube.com\/watch?v=DIxJ7AZ6WtI&#8221; align=&#8221;center&#8221;][vc_message message_box_style=&#8221;solid&#8221; message_box_color=&#8221;sky&#8221; icon_fontawesome=&#8221;fas fa-wallet&#8221; css=&#8221;.vc_custom_1585698058812{background-color: #0088cc !important;}&#8221;]Paga tus compras usando.[\/vc_message]<div class=\"porto-carousel owl-carousel has-ccols ccols-1 stage-margin\" data-plugin-options=\"{&quot;stagePadding&quot;:40,&quot;margin&quot;:10,&quot;autoplay&quot;:&quot;yes&quot;,&quot;autoplayTimeout&quot;:5000,&quot;autoplayHoverPause&quot;:false,&quot;items&quot;:1,&quot;lg&quot;:1,&quot;md&quot;:1,&quot;sm&quot;:1,&quot;xs&quot;:1,&quot;nav&quot;:false,&quot;dots&quot;:false,&quot;animateIn&quot;:&quot;&quot;,&quot;animateOut&quot;:&quot;&quot;,&quot;loop&quot;:&quot;yes&quot;,&quot;center&quot;:&quot;yes&quot;,&quot;video&quot;:false,&quot;lazyLoad&quot;:false,&quot;fullscreen&quot;:false}\"><div class=\"porto-image-frame \"><span class=\"thumb-info\"><span class=\"thumb-info-wrapper\"><img alt=\"\" src=\"\/\/alojatunegocio.com\/web\/wp-content\/uploads\/2020\/04\/transferencias-bancarias.gif\" class=\"img-responsive\" width=\"t\" height=\"t\"><\/span><\/span><\/div><\/div>[\/vc_column][\/vc_row]<\/p>\n","protected":false},"excerpt":{"rendered":"<p>[vc_row][vc_column][vc_single_image image=&#8221;2959&#8243; img_size=&#8221;full&#8221; alignment=&#8221;center&#8221;][\/vc_column][\/vc_row][vc_row wrap_container=&#8221;yes&#8221; css=&#8221;.vc_custom_1544533875075{padding-top: 70px !important;padding-bottom: 50px !important;}&#8221;][vc_column width=&#8221;2\/3&#8243; animation_delay=&#8221;200&#8243; animation_type=&#8221;fadeInRight&#8221;][vc_message message_box_style=&#8221;solid&#8221; message_box_color=&#8221;sky&#8221; icon_fontawesome=&#8221;fas fa-shield-alt&#8221; css=&#8221;.vc_custom_1586030833674{background-color: #0088cc !important;}&#8221;]Que te ofrece PANDA para ti\u2026.[\/vc_message][vc_row_inner][vc_column_inner width=&#8221;1\/2&#8243;][vc_column_text] Protecci\u00f3n contra virus en tiempo real Instala Panda DOME 2020 y despreoc\u00fapate de tu seguridad. Elimina los virus y cualquier otro tipo de amenaza o malware de tu ordenador, [&hellip;]<\/p>\n","protected":false},"author":1,"featured_media":0,"parent":2480,"menu_order":0,"comment_status":"closed","ping_status":"closed","template":"","meta":{"spay_email":""},"_links":{"self":[{"href":"https:\/\/alojatunegocio.com\/web\/wp-json\/wp\/v2\/pages\/2482"}],"collection":[{"href":"https:\/\/alojatunegocio.com\/web\/wp-json\/wp\/v2\/pages"}],"about":[{"href":"https:\/\/alojatunegocio.com\/web\/wp-json\/wp\/v2\/types\/page"}],"author":[{"embeddable":true,"href":"https:\/\/alojatunegocio.com\/web\/wp-json\/wp\/v2\/users\/1"}],"replies":[{"embeddable":true,"href":"https:\/\/alojatunegocio.com\/web\/wp-json\/wp\/v2\/comments?post=2482"}],"version-history":[{"count":55,"href":"https:\/\/alojatunegocio.com\/web\/wp-json\/wp\/v2\/pages\/2482\/revisions"}],"predecessor-version":[{"id":3365,"href":"https:\/\/alojatunegocio.com\/web\/wp-json\/wp\/v2\/pages\/2482\/revisions\/3365"}],"up":[{"embeddable":true,"href":"https:\/\/alojatunegocio.com\/web\/wp-json\/wp\/v2\/pages\/2480"}],"wp:attachment":[{"href":"https:\/\/alojatunegocio.com\/web\/wp-json\/wp\/v2\/media?parent=2482"}],"curies":[{"name":"wp","href":"https:\/\/api.w.org\/{rel}","templated":true}]}}