{"id":2469,"date":"2020-03-20T03:27:20","date_gmt":"2020-03-20T03:27:20","guid":{"rendered":"https:\/\/alojatunegocio.com\/web\/?page_id=2469"},"modified":"2020-04-03T13:31:34","modified_gmt":"2020-04-03T13:31:34","slug":"noticias","status":"publish","type":"page","link":"https:\/\/alojatunegocio.com\/web\/noticias\/","title":{"rendered":"Noticias"},"content":{"rendered":"<p>[vc_row][vc_column]<div id=\"porto-blog-7322\" class=\"porto-blog wpb_content_element \">\n\t\t<div class=\"blog-posts posts-timeline\">\n\t\t\t<section class=\"timeline\">\n\t\t\t\t<div class=\"timeline-body\">\n\n\t\t\t<div class=\"timeline-date\"><h3>junio 2020<\/h3><\/div>\n\t<article class=\"timeline-box left post-title-simple post-3389 post type-post status-publish format-standard has-post-thumbnail hentry category-novedades tag-dia-del-padre tag-feliz-dia-papa tag-papa\">\n\t\t\t<div class=\"post-image single\">\n\t\t<div class=\"post-slideshow porto-carousel owl-carousel nav-inside nav-inside-center nav-style-2 show-nav-hover has-ccols ccols-1\" data-plugin-options='{\"nav\":true}'>\n\t\t\t\t\t\t\t\t\t\t\t<a href=\"https:\/\/alojatunegocio.com\/web\/feliz-dia-papa\/\">\n\t\t\t\t\t\t\t\t<div class=\"img-thumbnail\">\n\t\t\t\t\t\t<img width=\"640\" height=\"640\" src=\"https:\/\/alojatunegocio.com\/web\/wp-content\/uploads\/2020\/06\/blog-face-640x640.jpg\" class=\"owl-lazy img-responsive\" alt=\"\" loading=\"lazy\" \/>\t\t\t\t\t\t\t\t\t\t\t\t\t<span class=\"zoom\" data-src=\"https:\/\/alojatunegocio.com\/web\/wp-content\/uploads\/2020\/06\/blog-face.jpg\" data-title=\"\"><i class=\"fas fa-search\"><\/i><\/span>\n\t\t\t\t\t\t\t\t\t\t\t<\/div>\n\t\t\t\t\t\t\t\t<\/a>\n\t\t\t\t\t\t\t\t<\/div>\n\t\t\n\t\t\t<\/div>\n\n\t\t<!-- Post meta before content -->\n\t\t\t\n\t\t\t<div class=\"post-content\">\n\t\t\t\t<h4 class=\"entry-title\"><a href=\"https:\/\/alojatunegocio.com\/web\/feliz-dia-papa\/\">Feliz d\u00eda Pap\u00e1 !<\/a><\/h4>\n\t\t\t\t<span class=\"vcard\" style=\"display: none;\"><span class=\"fn\"><a href=\"https:\/\/alojatunegocio.com\/web\/author\/gtorres\/\" title=\"Entradas de gtorres\" rel=\"author\">gtorres<\/a><\/span><\/span><span class=\"updated\" style=\"display:none\">2020-06-20T20:04:23+00:00<\/span><p class=\"post-excerpt\">[vc_row][vc_column][vc_column_text]\r\n\u00a1\u00a1\u00a1 El mejor de nuestros deseos en este d\u00eda tan especial a todos los pap\u00e1s !!! a los que est\u00e1n con nosotros, a los ya no est\u00e1n\u2026 pero los tenemos siempre presentes y a los van a iniciar esta nueva vida en bien de sus peque\u00f1os.\r\nFeliz d\u00eda del Padre.[\/vc_column_text][\/vc_column][\/vc_row]<\/p>\n\t\t\t\t\n\t\t\t<\/div>\n\n\t\t\t<!-- Post meta after content -->\n\t\t\t\t<div class=\"post-meta\"><span class=\"meta-date\"><i class=\"far fa-calendar-alt\"><\/i>junio 20, 2020<\/span><\/div><div class=\"post-meta\"><span class=\"meta-author\"><i class=\"far fa-user\"><\/i>By <a href=\"https:\/\/alojatunegocio.com\/web\/author\/gtorres\/\" title=\"Entradas de gtorres\" rel=\"author\">gtorres<\/a><\/span><span class=\"meta-cats\"><i class=\"far fa-folder\"><\/i><a href=\"https:\/\/alojatunegocio.com\/web\/category\/novedades\/\" rel=\"category tag\">Novedades<\/a><\/span><span class=\"meta-tags\"><i class=\"far fa-envelope\"><\/i><a href=\"https:\/\/alojatunegocio.com\/web\/tag\/dia-del-padre\/\" rel=\"tag\">d\u00eda del padre<\/a>, <a href=\"https:\/\/alojatunegocio.com\/web\/tag\/feliz-dia-papa\/\" rel=\"tag\">feliz d\u00eda pap\u00e1<\/a>, <a href=\"https:\/\/alojatunegocio.com\/web\/tag\/papa\/\" rel=\"tag\">pap\u00e1<\/a><\/span><span class=\"meta-comments\"><i class=\"far fa-comments\"><\/i><a href=\"https:\/\/alojatunegocio.com\/web\/feliz-dia-papa\/#respond\" title=\"Comment on Feliz d\u00eda Pap\u00e1 !\">0 Comments<\/a><\/span><\/div>\n\t\t\t<div class=\"clearfix\">\n\t\t\t\t<a class=\"btn btn-xs btn-default text-xs text-uppercase\" href=\"https:\/\/alojatunegocio.com\/web\/feliz-dia-papa\/\">Read more...<\/a>\n\t\t\t<\/div>\n\t\t\t<\/article>\n\t<article class=\"timeline-box right post-title-simple post-3377 post type-post status-publish format-standard has-post-thumbnail hentry category-seguridad-y-antivirus tag-50-dcto tag-antivirus tag-panda-antivirus tag-panda-dome tag-panda-dome-advanced tag-panda-dome-complete tag-panda-dome-essential tag-promo-de-locura\">\n\t\t\t<div class=\"post-image single\">\n\t\t<div class=\"post-slideshow porto-carousel owl-carousel nav-inside nav-inside-center nav-style-2 show-nav-hover has-ccols ccols-1\" data-plugin-options='{\"nav\":true}'>\n\t\t\t\t\t\t\t\t\t\t\t<a href=\"https:\/\/alojatunegocio.com\/web\/panda-antivirus-con-50-de-dcto\/\">\n\t\t\t\t\t\t\t\t<div class=\"img-thumbnail\">\n\t\t\t\t\t\t<img width=\"640\" height=\"394\" src=\"https:\/\/alojatunegocio.com\/web\/wp-content\/uploads\/2020\/06\/promo-de-locura-panda-antivirus-2020-640x394.jpg\" class=\"owl-lazy img-responsive\" alt=\"\" loading=\"lazy\" srcset=\"https:\/\/alojatunegocio.com\/web\/wp-content\/uploads\/2020\/06\/promo-de-locura-panda-antivirus-2020-640x394.jpg 640w, https:\/\/alojatunegocio.com\/web\/wp-content\/uploads\/2020\/06\/promo-de-locura-panda-antivirus-2020-400x246.jpg 400w\" sizes=\"(max-width: 640px) 100vw, 640px\" \/>\t\t\t\t\t\t\t\t\t\t\t\t\t<span class=\"zoom\" data-src=\"https:\/\/alojatunegocio.com\/web\/wp-content\/uploads\/2020\/06\/promo-de-locura-panda-antivirus-2020.jpg\" data-title=\"\"><i class=\"fas fa-search\"><\/i><\/span>\n\t\t\t\t\t\t\t\t\t\t\t<\/div>\n\t\t\t\t\t\t\t\t<\/a>\n\t\t\t\t\t\t\t\t<\/div>\n\t\t\n\t\t\t<\/div>\n\n\t\t<!-- Post meta before content -->\n\t\t\t\n\t\t\t<div class=\"post-content\">\n\t\t\t\t<h4 class=\"entry-title\"><a href=\"https:\/\/alojatunegocio.com\/web\/panda-antivirus-con-50-de-dcto\/\">Panda Antivirus con 50% de dcto.<\/a><\/h4>\n\t\t\t\t<span class=\"vcard\" style=\"display: none;\"><span class=\"fn\"><a href=\"https:\/\/alojatunegocio.com\/web\/author\/gtorres\/\" title=\"Entradas de gtorres\" rel=\"author\">gtorres<\/a><\/span><\/span><span class=\"updated\" style=\"display:none\">2021-07-26T22:38:48+00:00<\/span><p class=\"post-excerpt\">[vc_row][vc_column][vc_column_text]\r\nAprovecha esta s\u00faper promoci\u00f3n de junio y obt\u00e9n un 50% de descuento en cualquiera de los productos de PANDA ANTIVIRUS !!!\u00a0\r\nPanda Antivirus 2020 ofrece una excelente protecci\u00f3n a un precio muy competitivo. Es una apuesta segura para dispositivos Windows , Android, Mac y IOS e incluye una VPN gratuita para todas sus versiones.\r\nOtro punto fuerte es que Panda logra...<\/p>\n\t\t\t\t\n\t\t\t<\/div>\n\n\t\t\t<!-- Post meta after content -->\n\t\t\t\t<div class=\"post-meta\"><span class=\"meta-date\"><i class=\"far fa-calendar-alt\"><\/i>junio 2, 2020<\/span><\/div><div class=\"post-meta\"><span class=\"meta-author\"><i class=\"far fa-user\"><\/i>By <a href=\"https:\/\/alojatunegocio.com\/web\/author\/gtorres\/\" title=\"Entradas de gtorres\" rel=\"author\">gtorres<\/a><\/span><span class=\"meta-cats\"><i class=\"far fa-folder\"><\/i><a href=\"https:\/\/alojatunegocio.com\/web\/category\/seguridad-y-antivirus\/\" rel=\"category tag\">Seguridad y antivirus<\/a><\/span><span class=\"meta-tags\"><i class=\"far fa-envelope\"><\/i><a href=\"https:\/\/alojatunegocio.com\/web\/tag\/50-dcto\/\" rel=\"tag\">50% dcto<\/a>, <a href=\"https:\/\/alojatunegocio.com\/web\/tag\/antivirus\/\" rel=\"tag\">antivirus<\/a>, <a href=\"https:\/\/alojatunegocio.com\/web\/tag\/panda-antivirus\/\" rel=\"tag\">panda antivirus<\/a>, <a href=\"https:\/\/alojatunegocio.com\/web\/tag\/panda-dome\/\" rel=\"tag\">panda dome<\/a>, <a href=\"https:\/\/alojatunegocio.com\/web\/tag\/panda-dome-advanced\/\" rel=\"tag\">panda dome advanced<\/a>, <a href=\"https:\/\/alojatunegocio.com\/web\/tag\/panda-dome-complete\/\" rel=\"tag\">panda dome complete<\/a>, <a href=\"https:\/\/alojatunegocio.com\/web\/tag\/panda-dome-essential\/\" rel=\"tag\">panda dome essential<\/a>, <a href=\"https:\/\/alojatunegocio.com\/web\/tag\/promo-de-locura\/\" rel=\"tag\">promo de locura<\/a><\/span><span class=\"meta-comments\"><i class=\"far fa-comments\"><\/i><a href=\"https:\/\/alojatunegocio.com\/web\/panda-antivirus-con-50-de-dcto\/#respond\" title=\"Comment on Panda Antivirus con 50% de dcto.\">0 Comments<\/a><\/span><\/div>\n\t\t\t<div class=\"clearfix\">\n\t\t\t\t<a class=\"btn btn-xs btn-default text-xs text-uppercase\" href=\"https:\/\/alojatunegocio.com\/web\/panda-antivirus-con-50-de-dcto\/\">Read more...<\/a>\n\t\t\t<\/div>\n\t\t\t<\/article>\n\t<article class=\"timeline-box left post-title-simple post-3350 post type-post status-publish format-standard has-post-thumbnail hentry category-novedades tag-feliz tag-feliz-dia-de-las-madres tag-feliz-dia-mama tag-mama tag-mamitas\">\n\t\t\t<div class=\"post-image single\">\n\t\t<div class=\"post-slideshow porto-carousel owl-carousel nav-inside nav-inside-center nav-style-2 show-nav-hover has-ccols ccols-1\" data-plugin-options='{\"nav\":true}'>\n\t\t\t\t\t\t\t\t\t\t\t<a href=\"https:\/\/alojatunegocio.com\/web\/feliz-dia-mama\/\">\n\t\t\t\t\t\t\t\t<div class=\"img-thumbnail\">\n\t\t\t\t\t\t<img width=\"640\" height=\"641\" src=\"https:\/\/alojatunegocio.com\/web\/wp-content\/uploads\/2020\/05\/blog-640x641.jpg\" class=\"owl-lazy img-responsive\" alt=\"\" loading=\"lazy\" \/>\t\t\t\t\t\t\t\t\t\t\t\t\t<span class=\"zoom\" data-src=\"https:\/\/alojatunegocio.com\/web\/wp-content\/uploads\/2020\/05\/blog.jpg\" data-title=\"\"><i class=\"fas fa-search\"><\/i><\/span>\n\t\t\t\t\t\t\t\t\t\t\t<\/div>\n\t\t\t\t\t\t\t\t<\/a>\n\t\t\t\t\t\t\t\t<\/div>\n\t\t\n\t\t\t<\/div>\n\n\t\t<!-- Post meta before content -->\n\t\t\t\n\t\t\t<div class=\"post-content\">\n\t\t\t\t<h4 class=\"entry-title\"><a href=\"https:\/\/alojatunegocio.com\/web\/feliz-dia-mama\/\">Feliz d\u00eda mam\u00e1 !<\/a><\/h4>\n\t\t\t\t<span class=\"vcard\" style=\"display: none;\"><span class=\"fn\"><a href=\"https:\/\/alojatunegocio.com\/web\/author\/webmaster\/\" title=\"Entradas de webmaster\" rel=\"author\">webmaster<\/a><\/span><\/span><span class=\"updated\" style=\"display:none\">2020-05-09T19:35:43+00:00<\/span><p class=\"post-excerpt\">[vc_row][vc_column][vc_column_text]\r\n\u00a1En este d\u00eda especial hacemos llegar nuestro saludo a todas las mamitas de todo el mundo!, gracias a su gran esfuerzo y dedicaci\u00f3n sacan adelante cada d\u00eda a sus familias.\r\nNo te olvides visitar nuestra p\u00e1gina de FACEBOOK, Dale ME GUSTA y comp\u00e1rtela con tus amigos.\r\n[\/vc_column_text][\/vc_column][\/vc_row]\r\n<\/p>\n\t\t\t\t\n\t\t\t<\/div>\n\n\t\t\t<!-- Post meta after content -->\n\t\t\t\t<div class=\"post-meta\"><span class=\"meta-date\"><i class=\"far fa-calendar-alt\"><\/i>mayo 9, 2020<\/span><\/div><div class=\"post-meta\"><span class=\"meta-author\"><i class=\"far fa-user\"><\/i>By <a href=\"https:\/\/alojatunegocio.com\/web\/author\/webmaster\/\" title=\"Entradas de webmaster\" rel=\"author\">webmaster<\/a><\/span><span class=\"meta-cats\"><i class=\"far fa-folder\"><\/i><a href=\"https:\/\/alojatunegocio.com\/web\/category\/novedades\/\" rel=\"category tag\">Novedades<\/a><\/span><span class=\"meta-tags\"><i class=\"far fa-envelope\"><\/i><a href=\"https:\/\/alojatunegocio.com\/web\/tag\/feliz\/\" rel=\"tag\">feliz<\/a>, <a href=\"https:\/\/alojatunegocio.com\/web\/tag\/feliz-dia-de-las-madres\/\" rel=\"tag\">feliz d\u00eda de las madres<\/a>, <a href=\"https:\/\/alojatunegocio.com\/web\/tag\/feliz-dia-mama\/\" rel=\"tag\">Feliz d\u00eda mam\u00e1<\/a>, <a href=\"https:\/\/alojatunegocio.com\/web\/tag\/mama\/\" rel=\"tag\">mam\u00e1<\/a>, <a href=\"https:\/\/alojatunegocio.com\/web\/tag\/mamitas\/\" rel=\"tag\">mamitas<\/a><\/span><span class=\"meta-comments\"><i class=\"far fa-comments\"><\/i><a href=\"https:\/\/alojatunegocio.com\/web\/feliz-dia-mama\/#respond\" title=\"Comment on Feliz d\u00eda mam\u00e1 !\">0 Comments<\/a><\/span><\/div>\n\t\t\t<div class=\"clearfix\">\n\t\t\t\t<a class=\"btn btn-xs btn-default text-xs text-uppercase\" href=\"https:\/\/alojatunegocio.com\/web\/feliz-dia-mama\/\">Read more...<\/a>\n\t\t\t<\/div>\n\t\t\t<\/article>\n\t<article class=\"timeline-box right post-title-simple post-3293 post type-post status-publish format-standard has-post-thumbnail hentry category-novedades tag-facil tag-pagos tag-qr tag-rapido tag-seguro\">\n\t\t\t<div class=\"post-image single\">\n\t\t<div class=\"post-slideshow porto-carousel owl-carousel nav-inside nav-inside-center nav-style-2 show-nav-hover has-ccols ccols-1\" data-plugin-options='{\"nav\":true}'>\n\t\t\t\t\t\t\t\t\t\t\t<a href=\"https:\/\/alojatunegocio.com\/web\/ya-puedes-pagar-usando-qr\/\">\n\t\t\t\t\t\t\t\t<div class=\"img-thumbnail\">\n\t\t\t\t\t\t<img width=\"640\" height=\"394\" src=\"https:\/\/alojatunegocio.com\/web\/wp-content\/uploads\/2020\/04\/qr2-640x394.jpg\" class=\"owl-lazy img-responsive\" alt=\"\" loading=\"lazy\" srcset=\"https:\/\/alojatunegocio.com\/web\/wp-content\/uploads\/2020\/04\/qr2-640x394.jpg 640w, https:\/\/alojatunegocio.com\/web\/wp-content\/uploads\/2020\/04\/qr2-600x369.jpg 600w, https:\/\/alojatunegocio.com\/web\/wp-content\/uploads\/2020\/04\/qr2-400x246.jpg 400w\" sizes=\"(max-width: 640px) 100vw, 640px\" \/>\t\t\t\t\t\t\t\t\t\t\t\t\t<span class=\"zoom\" data-src=\"https:\/\/alojatunegocio.com\/web\/wp-content\/uploads\/2020\/04\/qr2.jpg\" data-title=\"\"><i class=\"fas fa-search\"><\/i><\/span>\n\t\t\t\t\t\t\t\t\t\t\t<\/div>\n\t\t\t\t\t\t\t\t<\/a>\n\t\t\t\t\t\t\t\t<\/div>\n\t\t\n\t\t\t<\/div>\n\n\t\t<!-- Post meta before content -->\n\t\t\t\n\t\t\t<div class=\"post-content\">\n\t\t\t\t<h4 class=\"entry-title\"><a href=\"https:\/\/alojatunegocio.com\/web\/ya-puedes-pagar-usando-qr\/\">Ya puedes pagar usando QR<\/a><\/h4>\n\t\t\t\t<span class=\"vcard\" style=\"display: none;\"><span class=\"fn\"><a href=\"https:\/\/alojatunegocio.com\/web\/author\/gtorres\/\" title=\"Entradas de gtorres\" rel=\"author\">gtorres<\/a><\/span><\/span><span class=\"updated\" style=\"display:none\">2020-04-22T14:20:29+00:00<\/span><p class=\"post-excerpt\">[vc_row][vc_column width=\"2\/3\"][vc_column_text]\r\nActualmente las billeteras virtuales nos brindan la facilidad de usar un sencillo c\u00f3digo para realizar pagos. Aloja tu Negocio acepta pagos de tus apps favoritas: YAPE, LUKITA, LIGO y TUNKI utilizando para ello nuestro QR ya sea para compras o renovar tus servicios favoritos!!!\r\nPaga f\u00e1cil, r\u00e1pido y seguro.\r\nNo te olvides visitar nuestra p\u00e1gina de FACEBOOK, Dale ME GUSTA...<\/p>\n\t\t\t\t\n\t\t\t<\/div>\n\n\t\t\t<!-- Post meta after content -->\n\t\t\t\t<div class=\"post-meta\"><span class=\"meta-date\"><i class=\"far fa-calendar-alt\"><\/i>abril 21, 2020<\/span><\/div><div class=\"post-meta\"><span class=\"meta-author\"><i class=\"far fa-user\"><\/i>By <a href=\"https:\/\/alojatunegocio.com\/web\/author\/gtorres\/\" title=\"Entradas de gtorres\" rel=\"author\">gtorres<\/a><\/span><span class=\"meta-cats\"><i class=\"far fa-folder\"><\/i><a href=\"https:\/\/alojatunegocio.com\/web\/category\/novedades\/\" rel=\"category tag\">Novedades<\/a><\/span><span class=\"meta-tags\"><i class=\"far fa-envelope\"><\/i><a href=\"https:\/\/alojatunegocio.com\/web\/tag\/facil\/\" rel=\"tag\">f\u00e1cil<\/a>, <a href=\"https:\/\/alojatunegocio.com\/web\/tag\/pagos\/\" rel=\"tag\">pagos<\/a>, <a href=\"https:\/\/alojatunegocio.com\/web\/tag\/qr\/\" rel=\"tag\">QR<\/a>, <a href=\"https:\/\/alojatunegocio.com\/web\/tag\/rapido\/\" rel=\"tag\">r\u00e1pido<\/a>, <a href=\"https:\/\/alojatunegocio.com\/web\/tag\/seguro\/\" rel=\"tag\">seguro<\/a><\/span><span class=\"meta-comments\"><i class=\"far fa-comments\"><\/i><a href=\"https:\/\/alojatunegocio.com\/web\/ya-puedes-pagar-usando-qr\/#respond\" title=\"Comment on Ya puedes pagar usando QR\">0 Comments<\/a><\/span><\/div>\n\t\t\t<div class=\"clearfix\">\n\t\t\t\t<a class=\"btn btn-xs btn-default text-xs text-uppercase\" href=\"https:\/\/alojatunegocio.com\/web\/ya-puedes-pagar-usando-qr\/\">Read more...<\/a>\n\t\t\t<\/div>\n\t\t\t<\/article>\n\n\t\n\t\t\t\t<\/div>\n\t\t\t<\/section>\n\t\t<\/div>\n\n\t\n\t\t\t\t\n\t<\/div>[\/vc_column][\/vc_row]<\/p>\n","protected":false},"excerpt":{"rendered":"<p>[vc_row][vc_column][\/vc_column][\/vc_row]<\/p>\n","protected":false},"author":1,"featured_media":0,"parent":0,"menu_order":0,"comment_status":"closed","ping_status":"closed","template":"","meta":{"spay_email":""},"_links":{"self":[{"href":"https:\/\/alojatunegocio.com\/web\/wp-json\/wp\/v2\/pages\/2469"}],"collection":[{"href":"https:\/\/alojatunegocio.com\/web\/wp-json\/wp\/v2\/pages"}],"about":[{"href":"https:\/\/alojatunegocio.com\/web\/wp-json\/wp\/v2\/types\/page"}],"author":[{"embeddable":true,"href":"https:\/\/alojatunegocio.com\/web\/wp-json\/wp\/v2\/users\/1"}],"replies":[{"embeddable":true,"href":"https:\/\/alojatunegocio.com\/web\/wp-json\/wp\/v2\/comments?post=2469"}],"version-history":[{"count":3,"href":"https:\/\/alojatunegocio.com\/web\/wp-json\/wp\/v2\/pages\/2469\/revisions"}],"predecessor-version":[{"id":2956,"href":"https:\/\/alojatunegocio.com\/web\/wp-json\/wp\/v2\/pages\/2469\/revisions\/2956"}],"wp:attachment":[{"href":"https:\/\/alojatunegocio.com\/web\/wp-json\/wp\/v2\/media?parent=2469"}],"curies":[{"name":"wp","href":"https:\/\/api.w.org\/{rel}","templated":true}]}}