{"id":143,"date":"2016-06-20T07:48:11","date_gmt":"2016-06-20T07:48:11","guid":{"rendered":"http:\/\/sw-themes.com\/porto_dummy\/?page_id=143"},"modified":"2026-01-21T17:52:03","modified_gmt":"2026-01-21T17:52:03","slug":"home","status":"publish","type":"page","link":"https:\/\/alojatunegocio.com\/web\/","title":{"rendered":"Home"},"content":{"rendered":"<p>[vc_row wrap_container=&#8221;yes&#8221; is_section=&#8221;yes&#8221; remove_margin_top=&#8221;yes&#8221; remove_margin_bottom=&#8221;yes&#8221; remove_border=&#8221;yes&#8221; el_id=&#8221;plans&#8221;][vc_column][vc_custom_heading text=&#8221;Planes de <strong>Hosting<\/strong>&#8221; font_container=&#8221;tag:h2|text_align:center&#8221; use_theme_fonts=&#8221;yes&#8221; el_class=&#8221;m-t-lg m-b-none&#8221;][vc_custom_heading text=&#8221;Los mejores planes, el mejor servicio &#8230; Comience aqu\u00ed !!!&#8221; font_container=&#8221;tag:p|text_align:center&#8221; use_theme_fonts=&#8221;yes&#8221; css=&#8221;.vc_custom_1584757435130{margin-bottom: 60px !important;}&#8221;][vc_empty_space]<div class=\"porto-price-boxes pricing-table  mb-5 pricing-table-sm pricing-table-classic\"><div class=\"row\"><div class=\" col-lg-3 col-md-6\"><div class=\"porto-price-box plan  plan-dark plan-btn-bottom\"><h3><strong>BRONCE<\/strong><span class=\"plan-price\"><span class=\"price\"><span class=\"price-unit\">S\/<\/span>190<\/span><label class=\"price-label\">Anual<\/label><\/span><\/h3><ul>\n<li><strong>1 GB<\/strong> Espacio en Disco<\/li>\n<li><strong>50 GB<\/strong> Transferencia mensual<\/li>\n<li><strong>5<\/strong> BD MySQL<\/li>\n<li><strong>10<\/strong> Cuentas de Email<\/li>\n<li><strong>Cpanel y<\/strong> Webmail<\/li>\n<li><strong>Dominio<\/strong> .COM<\/li>\n<\/ul>\n<a href=\"#\" target=\"_self\" class=\"btn btn-modern btn-borders btn-sm btn-dark btn-bottom\">M\u00e1s Informaci\u00f3n<\/a><\/div><\/div><div class=\" col-lg-3 col-md-6\"><div class=\"porto-price-box plan  plan-dark plan-btn-bottom\"><h3><strong>PLATA<\/strong><em class=\"desc\">Most Popular<\/em><span class=\"plan-price\"><span class=\"price\"><span class=\"price-unit\">S\/<\/span>220<\/span><label class=\"price-label\">Anual<\/label><\/span><\/h3><ul>\n<li><strong>5 GB<\/strong> Espacio en Disco<\/li>\n<li><strong>100 GB<\/strong> Transferencia mensual<\/li>\n<li><strong>10<\/strong> BD MySQL<\/li>\n<li><strong>20<\/strong> Cuentas de Email<\/li>\n<li><strong>Cpanel y<\/strong> Webmail<\/li>\n<li><strong>Dominio<\/strong> .COM<\/li>\n<\/ul>\n<a href=\"#\" target=\"_blank\" class=\"btn btn-modern btn-borders btn-sm btn-dark btn-bottom\">M\u00e1s Informaci\u00f3n<\/a><\/div><\/div><div class=\" col-lg-3 col-md-6\"><div class=\"porto-price-box plan  most-popular plan-custom plan-btn-bottom\"><h3><strong>ORO<\/strong><span class=\"plan-price\"><span class=\"price\"><span class=\"price-unit\">S\/<\/span>250<\/span><label class=\"price-label\">Anual<\/label><\/span><\/h3><ul>\n<li><strong>10 GB<\/strong> Espacio en Disco<\/li>\n<li><strong>200 GB<\/strong> Transferencia mensual<\/li>\n<li><strong>20<\/strong> BD MySQL<\/li>\n<li><strong>50<\/strong> Cuentas de Email<\/li>\n<li><strong>Cpanel y<\/strong> Webmail<\/li>\n<li><strong>Dominio<\/strong> .COM<\/li>\n<\/ul>\n<a href=\"#\" target=\"_blank\" class=\"btn btn-modern btn-sm btn-primary btn-bottom\">M\u00e1s Informaci\u00f3n<\/a><\/div><\/div><div class=\" col-lg-3 col-md-6\"><div class=\"porto-price-box plan  plan-dark plan-btn-bottom\"><h3><strong>PLATINO<\/strong><span class=\"plan-price\"><span class=\"price\"><span class=\"price-unit\">S\/<\/span>310<\/span><label class=\"price-label\">ANUAL<\/label><\/span><\/h3><ul>\n<li><strong>15 GB<\/strong> Espacio en Disco<\/li>\n<li><strong>Ilimitada<\/strong> Transferencia mensual<\/li>\n<li><strong>Ilimitadas<\/strong> BD MySQL<\/li>\n<li><strong>Ilimitadas<\/strong> Cuentas de Email<\/li>\n<li><strong>Cpanel y<\/strong> Webmail<\/li>\n<li><strong>Dominio<\/strong> .COM<\/li>\n<\/ul>\n<a href=\"#\" target=\"_blank\" class=\"btn btn-modern btn-borders btn-sm btn-dark btn-bottom\">M\u00e1s Informaci\u00f3n<\/a><\/div><\/div><\/div><\/div>[\/vc_column][\/vc_row][vc_row][vc_column][vc_empty_space][\/vc_column][\/vc_row][vc_row wrap_container=&#8221;yes&#8221; is_section=&#8221;yes&#8221; section_skin=&#8221;parallax&#8221; remove_margin_top=&#8221;yes&#8221; remove_margin_bottom=&#8221;yes&#8221; remove_border=&#8221;yes&#8221;][vc_column][vc_custom_heading text=&#8221;Caracter\u00edsticas de <strong>Nuestro Servicio<\/strong>&#8221; font_container=&#8221;tag:h2|text_align:center&#8221; use_theme_fonts=&#8221;yes&#8221; el_class=&#8221;m-t-lg m-b-none&#8221;][vc_empty_space][vc_empty_space][vc_row_inner][vc_column_inner width=&#8221;1\/3&#8243;]<div class=\"porto-sicon-box style_1 left-icon\"><div class=\"porto-sicon-left\"><div id=\"porto-icon-70881917169e357fdc3c47\" class=\"porto-just-icon-wrapper\" style=\"text-align:center;\"><div class=\"porto-icon none\" style=\"color:#1d7fbe;font-size:44px;display:inline-block;\"><i class=\"Simple-Line-Icons-trophy\"><\/i><\/div><\/div><\/div><div class=\"porto-sicon-body\"><div class=\"porto-sicon-header\"><h3 class=\"porto-sicon-title\" style=\"font-size:20px;\">Soporte Galardonado<\/h3><\/div> <!-- header --><div class=\"porto-sicon-description\" style=\"\">\n<p style=\"text-align: justify;\"><span style=\"color: #000000;\">\u00bfTienes una consulta?, nuestro equipo de soporte te brindara el apoyo necesario en el momento que lo necesites.<\/span><\/p>\n<p><\/div> <!-- description --><\/div><\/div><!-- porto-sicon-box -->[\/vc_column_inner][vc_column_inner width=&#8221;1\/3&#8243;]<div class=\"porto-sicon-box style_1 left-icon\"><div class=\"porto-sicon-left\"><div id=\"porto-icon-125331322169e357fdc3d6d\" class=\"porto-just-icon-wrapper\" style=\"text-align:center;\"><div class=\"porto-icon none\" style=\"color:#1d7fbe;font-size:44px;display:inline-block;\"><i class=\"Simple-Line-Icons-speedometer\"><\/i><\/div><\/div><\/div><div class=\"porto-sicon-body\"><div class=\"porto-sicon-header\"><h3 class=\"porto-sicon-title\" style=\"font-size:20px;\">Potentes Servidores<\/h3><\/div> <!-- header --><div class=\"porto-sicon-description\" style=\"\">\n<p style=\"text-align: justify;\"><span style=\"color: #000000;\">Contamos con equipos de \u00faltima generaci\u00f3n ubicados en los centros de datos m\u00e1s importantes del mundo.<\/span><\/p>\n<p><\/div> <!-- description --><\/div><\/div><!-- porto-sicon-box -->[\/vc_column_inner][vc_column_inner width=&#8221;1\/3&#8243;]<div class=\"porto-sicon-box style_1 left-icon\"><div class=\"porto-sicon-left\"><div id=\"porto-icon-83487934669e357fdc3e62\" class=\"porto-just-icon-wrapper\" style=\"text-align:center;\"><div class=\"porto-icon none\" style=\"color:#1d7fbe;font-size:44px;display:inline-block;\"><i class=\"fab fa-wordpress-simple\"><\/i><\/div><\/div><\/div><div class=\"porto-sicon-body\"><div class=\"porto-sicon-header\"><h3 class=\"porto-sicon-title\" style=\"font-size:20px;\">Optimizado para WP<\/h3><\/div> <!-- header --><div class=\"porto-sicon-description\" style=\"\">\n<p style=\"text-align: justify;\"><span style=\"color: #000000;\">Nuestros servidores est\u00e1n configurados especialmente para ofrecer el m\u00e1ximo rendimiento y seguridad a sus sitios web.<\/span><\/p>\n<p><\/div> <!-- description --><\/div><\/div><!-- porto-sicon-box -->[\/vc_column_inner][\/vc_row_inner][vc_row_inner][vc_column_inner width=&#8221;1\/3&#8243; animation_delay=&#8221;200&#8243; animation_type=&#8221;fadeInUp&#8221;]<div class=\"porto-sicon-box style_1 left-icon\"><div class=\"porto-sicon-left\"><div id=\"porto-icon-70750793669e357fdc3f52\" class=\"porto-just-icon-wrapper\" style=\"text-align:center;\"><div class=\"porto-icon none\" style=\"color:#1d7fbe;font-size:44px;display:inline-block;\"><i class=\"Simple-Line-Icons-envelope\"><\/i><\/div><\/div><\/div><div class=\"porto-sicon-body\"><div class=\"porto-sicon-header\"><h3 class=\"porto-sicon-title\" style=\"font-size:20px;\">Email Corporativo<\/h3><\/div> <!-- header --><div class=\"porto-sicon-description\" style=\"\">\n<p style=\"text-align: justify;\"><span style=\"color: #000000;\">\u00a1Haz que tus clientes te vean diferente! Dale a tu negocio o empresa una identidad propia, profesional, corporativa.<\/span><\/p>\n<p><\/div> <!-- description --><\/div><\/div><!-- porto-sicon-box -->[\/vc_column_inner][vc_column_inner width=&#8221;1\/3&#8243; animation_delay=&#8221;400&#8243; animation_type=&#8221;fadeInUp&#8221;]<div class=\"porto-sicon-box style_1 left-icon\"><div class=\"porto-sicon-left\"><div id=\"porto-icon-108942414369e357fdc403b\" class=\"porto-just-icon-wrapper\" style=\"text-align:center;\"><div class=\"porto-icon none\" style=\"color:#1d7fbe;font-size:44px;display:inline-block;\"><i class=\"Simple-Line-Icons-lock\"><\/i><\/div><\/div><\/div><div class=\"porto-sicon-body\"><div class=\"porto-sicon-header\"><h3 class=\"porto-sicon-title\" style=\"font-size:20px;\">Certificado SSL<\/h3><\/div> <!-- header --><div class=\"porto-sicon-description\" style=\"\">\n<p style=\"text-align: justify;\"><span style=\"color: #000000;\">Protegemos tu informaci\u00f3n para no ser interceptados, le\u00eddos ni manipulados por: terceros (hackers o estafadores).<\/span><\/p>\n<p><\/div> <!-- description --><\/div><\/div><!-- porto-sicon-box -->[\/vc_column_inner][vc_column_inner width=&#8221;1\/3&#8243; animation_delay=&#8221;600&#8243; animation_type=&#8221;fadeInUp&#8221;]<div class=\"porto-sicon-box style_1 left-icon\"><div class=\"porto-sicon-left\"><div id=\"porto-icon-41688673669e357fdc4135\" class=\"porto-just-icon-wrapper\" style=\"text-align:center;\"><div class=\"porto-icon none\" style=\"color:#1d7fbe;font-size:44px;display:inline-block;\"><i class=\"Simple-Line-Icons-layers\"><\/i><\/div><\/div><\/div><div class=\"porto-sicon-body\"><div class=\"porto-sicon-header\"><h3 class=\"porto-sicon-title\" style=\"font-size:20px;\">Discos SSD<\/h3><\/div> <!-- header --><div class=\"porto-sicon-description\" style=\"\">\n<p style=\"text-align: justify;\"><span style=\"color: #000000;\">Mejoramos la velocidad de tu web, la experiencia de de tus clientes tendr\u00e1n un rendimiento m\u00e1s r\u00e1pido y confiable.<\/span><\/p>\n<p><\/div> <!-- description --><\/div><\/div><!-- porto-sicon-box -->[\/vc_column_inner][\/vc_row_inner][\/vc_column][\/vc_row][vc_row wrap_container=&#8221;yes&#8221; is_section=&#8221;yes&#8221; remove_margin_top=&#8221;yes&#8221; remove_margin_bottom=&#8221;yes&#8221; remove_border=&#8221;yes&#8221; el_class=&#8221;p-t-xxl row-align-items-center&#8221;][vc_column offset=&#8221;vc_col-md-6&#8243; el_class=&#8221;pr-lg-5 mb-sm-5 mb-lg-0&#8243;][vc_custom_heading text=&#8221;Somos tu<b> Mejor Opci\u00f3n<\/b>&#8221; font_container=&#8221;tag:h2|font_size:25|text_align:left|line_height:1&#8243; use_theme_fonts=&#8221;yes&#8221; el_class=&#8221;mb-3&#8243;][vc_column_text el_class=&#8221;mb-3&#8243;]<\/p>\n<p class=\"lead\" style=\"text-align: justify;\"><span style=\"color: #000000;\">Contamos con 10 a\u00f1os en el mercado e importantes clientes que respaldan nuestro trabajo&#8230;<\/span><\/p>\n<p style=\"text-align: justify;\"><span style=\"color: #000000;\">Contamos con el respaldo de los mejores proveedores, los mejores profesionales, las mejores marcas para brindarte las mejores soluciones para que tu negocio no se detenga.<\/span><\/p>\n<p>[\/vc_column_text][vc_btn title=&#8221;Env\u00edanos un mensaje !!!&#8221; style=&#8221;modern&#8221; size=&#8221;lg&#8221; skin=&#8221;dark&#8221; link=&#8221;url:https%3A%2F%2Falojatunegocio.com%2Fweb%2Fcontacto%2F|title:Contacto||&#8221;][\/vc_column][vc_column width=&#8221;1\/2&#8243; offset=&#8221;vc_col-md-offset-2 vc_col-md-4 vc_col-sm-offset-4&#8243; el_class=&#8221;col-sm-8 offset-sm-5 mt-sm-5 pt-sm-5&#8243;][vc_single_image image=&#8221;2673&#8243; img_size=&#8221;full&#8221; animation_delay=&#8221;300&#8243; css_animation=&#8221;none&#8221; el_class=&#8221;position-absolute d-none d-sm-block&#8221; css=&#8221;.vc_custom_1585021974709{margin-top: 10% !important;margin-left: -54% !important;}&#8221; animation_type=&#8221;zoomIn&#8221;][vc_single_image image=&#8221;2671&#8243; img_size=&#8221;full&#8221; animation_delay=&#8221;100&#8243; el_class=&#8221;position-absolute d-none d-sm-block&#8221; css=&#8221;.vc_custom_1585021724906{margin-top: -26% !important;margin-left: -33% !important;}&#8221; animation_type=&#8221;zoomIn&#8221;][vc_single_image image=&#8221;2669&#8243; img_size=&#8221;full&#8221; animation_delay=&#8221;600&#8243; el_class=&#8221;position-relative mb-0&#8243; animation_type=&#8221;zoomIn&#8221;][\/vc_column][\/vc_row]<\/p>\n","protected":false},"excerpt":{"rendered":"<p>[vc_row wrap_container=&#8221;yes&#8221; is_section=&#8221;yes&#8221; remove_margin_top=&#8221;yes&#8221; remove_margin_bottom=&#8221;yes&#8221; remove_border=&#8221;yes&#8221; el_id=&#8221;plans&#8221;][vc_column][vc_custom_heading text=&#8221;Planes de Hosting&#8221; font_container=&#8221;tag:h2|text_align:center&#8221; use_theme_fonts=&#8221;yes&#8221; el_class=&#8221;m-t-lg m-b-none&#8221;][vc_custom_heading text=&#8221;Los mejores planes, el mejor servicio &#8230; Comience aqu\u00ed !!!&#8221; font_container=&#8221;tag:p|text_align:center&#8221; use_theme_fonts=&#8221;yes&#8221; css=&#8221;.vc_custom_1584757435130{margin-bottom: 60px !important;}&#8221;][vc_empty_space][\/vc_column][\/vc_row][vc_row][vc_column][vc_empty_space][\/vc_column][\/vc_row][vc_row wrap_container=&#8221;yes&#8221; is_section=&#8221;yes&#8221; section_skin=&#8221;parallax&#8221; remove_margin_top=&#8221;yes&#8221; remove_margin_bottom=&#8221;yes&#8221; remove_border=&#8221;yes&#8221;][vc_column][vc_custom_heading text=&#8221;Caracter\u00edsticas de Nuestro Servicio&#8221; font_container=&#8221;tag:h2|text_align:center&#8221; use_theme_fonts=&#8221;yes&#8221; el_class=&#8221;m-t-lg m-b-none&#8221;][vc_empty_space][vc_empty_space][vc_row_inner][vc_column_inner width=&#8221;1\/3&#8243;][\/vc_column_inner][vc_column_inner width=&#8221;1\/3&#8243;][\/vc_column_inner][vc_column_inner width=&#8221;1\/3&#8243;][\/vc_column_inner][\/vc_row_inner][vc_row_inner][vc_column_inner width=&#8221;1\/3&#8243; animation_delay=&#8221;200&#8243; animation_type=&#8221;fadeInUp&#8221;][\/vc_column_inner][vc_column_inner width=&#8221;1\/3&#8243; animation_delay=&#8221;400&#8243; animation_type=&#8221;fadeInUp&#8221;][\/vc_column_inner][vc_column_inner width=&#8221;1\/3&#8243; animation_delay=&#8221;600&#8243; animation_type=&#8221;fadeInUp&#8221;][\/vc_column_inner][\/vc_row_inner][\/vc_column][\/vc_row][vc_row [&hellip;]<\/p>\n","protected":false},"author":1,"featured_media":0,"parent":0,"menu_order":0,"comment_status":"closed","ping_status":"closed","template":"","meta":{"spay_email":""},"_links":{"self":[{"href":"https:\/\/alojatunegocio.com\/web\/wp-json\/wp\/v2\/pages\/143"}],"collection":[{"href":"https:\/\/alojatunegocio.com\/web\/wp-json\/wp\/v2\/pages"}],"about":[{"href":"https:\/\/alojatunegocio.com\/web\/wp-json\/wp\/v2\/types\/page"}],"author":[{"embeddable":true,"href":"https:\/\/alojatunegocio.com\/web\/wp-json\/wp\/v2\/users\/1"}],"replies":[{"embeddable":true,"href":"https:\/\/alojatunegocio.com\/web\/wp-json\/wp\/v2\/comments?post=143"}],"version-history":[{"count":92,"href":"https:\/\/alojatunegocio.com\/web\/wp-json\/wp\/v2\/pages\/143\/revisions"}],"predecessor-version":[{"id":3492,"href":"https:\/\/alojatunegocio.com\/web\/wp-json\/wp\/v2\/pages\/143\/revisions\/3492"}],"wp:attachment":[{"href":"https:\/\/alojatunegocio.com\/web\/wp-json\/wp\/v2\/media?parent=143"}],"curies":[{"name":"wp","href":"https:\/\/api.w.org\/{rel}","templated":true}]}}